{"id":21801,"date":"2021-07-27T10:26:27","date_gmt":"2021-07-27T08:26:27","guid":{"rendered":"https:\/\/www.nemesis-studio.com\/references\/"},"modified":"2022-10-31T15:59:51","modified_gmt":"2022-10-31T14:59:51","slug":"references","status":"publish","type":"page","link":"https:\/\/www.nemesis-studio.com\/en\/references\/","title":{"rendered":"Our clients &amp; partners"},"content":{"rendered":"[vc_row][vc_column][wgl_double_headings align=&#8221;center&#8221; title_color=&#8221;#252525&#8243; subtitle_color=&#8221;#ff7d00&#8243; title=&#8221;Our References&#8221;][wgl_spacing spacer_size=&#8221;30px&#8221;][vc_row_inner][vc_column_inner width=&#8221;1\/4&#8243;][\/vc_column_inner][vc_column_inner width=&#8221;1\/2&#8243;][wgl_custom_text font_size=&#8221;16&#8243;]\n<p style=\"text-align: center;\">Since 2003, many companies have entrusted N\u00e9m\u00e9sis studio with the development of innovative digital projects.<\/p>\n[\/wgl_custom_text][\/vc_column_inner][vc_column_inner width=&#8221;1\/4&#8243;][\/vc_column_inner][\/vc_row_inner][wgl_spacing spacer_size=&#8221;30px&#8221;][\/vc_column][\/vc_row][vc_row disable_element=&#8221;yes&#8221;][vc_column]<section class=\"wgl_cpt_section\"><div class=\"wgl_portfolio_list\" id=\"portfolio_module_69f3b08d03c9b\"><div class=\"wgl_portfolio_list__filter isotope-filter filter_def filter-center\"><a href=\"#\" data-filter=\".item\" class=\"active\">All<\/a><a href=\"https:\/\/www.nemesis-studio.com\/en\/portfolio-category\/consulting\/\" data-filter=\".consulting\">CONSULTING<\/a><a href=\"https:\/\/www.nemesis-studio.com\/en\/portfolio-category\/development\/\" data-filter=\".development\">DEVELOPMENT<\/a><a href=\"https:\/\/www.nemesis-studio.com\/en\/portfolio-category\/mvp-en\/\" data-filter=\".mvp-en\">MVP<\/a><a href=\"https:\/\/www.nemesis-studio.com\/en\/portfolio-category\/prototyping\/\" data-filter=\".prototyping\">PROTOTYPING<\/a><a href=\"https:\/\/www.nemesis-studio.com\/en\/portfolio-category\/reverse-engineering\/\" data-filter=\".reverse-engineering\">REVERSE ENGINEERING<\/a><\/div><div class=\"wgl_portfolio_list-container container-grid row isotope portfolio_columns-4 kek\"  style=\"margin-right:-15px; margin-left:-15px; margin-bottom:-30px;\"><\/div><\/div><\/section>[\/vc_column][\/vc_row][vc_row][vc_column][vc_tta_tabs alignment=&#8221;center&#8221; active_section=&#8221;1&#8243;][vc_tta_section title=&#8221;ALL&#8221; tab_id=&#8221;1632751742325-e0a49426-6fc1&#8243;][vc_masonry_media_grid element_width=&#8221;3&#8243; gap=&#8221;20&#8243; grid_id=&#8221;vc_gid:1666797557374-74a554fb-051f-2&#8243; include=&#8221;2355,2356,2357,2358,2359,2360,2361,2362,2363,2364,2365,2366,2367,2368,2369,2370,2371,2372,2373,2374,2375,2376,2377,2378,2379,2380,2381,2382,2383,2384,2385,2386,2387,2388,2389,2390,2391,2392,2393,2394,2395,2396,2397,2398,2399,2400,2401,2402&#8243;][\/vc_tta_section][vc_tta_section title=&#8221;Key accounts&#8221; tab_id=&#8221;1632755607280-bb96090c-f864&#8243;][vc_masonry_media_grid element_width=&#8221;3&#8243; gap=&#8221;20&#8243; grid_id=&#8221;vc_gid:1666797557397-1c860743-27f9-1&#8243; include=&#8221;2355,2356,2357,2358,2361,2362,2364,2366,2369,2370,2376,2380,2395,2396,2397,2398,2400,2401,2402&#8243;][\/vc_tta_section][vc_tta_section title=&#8221;VSEs &#8211; SMEs &#8211; SMIs&#8221; tab_id=&#8221;1632755758198-82a89665-7f3b&#8221;][vc_masonry_media_grid element_width=&#8221;3&#8243; gap=&#8221;20&#8243; grid_id=&#8221;vc_gid:1666797557403-84fd6a90-3616-0&#8243; include=&#8221;2360,2363,2365,2368,2371,2372,2373,2375,2378,2379,2381,2382,2384,2385,2386,2389,2390,2391,2392,2394,2399&#8243;][\/vc_tta_section][vc_tta_section title=&#8221;Automotive&#8221; tab_id=&#8221;1632755899913-da4d8444-a0ad&#8221;][vc_masonry_media_grid element_width=&#8221;3&#8243; gap=&#8221;20&#8243; grid_id=&#8221;vc_gid:1666797557412-b7045bf8-9924-4&#8243; include=&#8221;2364,2373,2379,2386,2396,2397,2401&#8243;][\/vc_tta_section][vc_tta_section title=&#8221;Public administrations&#8221; tab_id=&#8221;1632755966266-f1f341f3-e4c3&#8243;][vc_masonry_media_grid element_width=&#8221;3&#8243; gap=&#8221;20&#8243; grid_id=&#8221;vc_gid:1666797557415-b2f75e2e-3d59-4&#8243; include=&#8221;2359,2374,2377,2383&#8243;][\/vc_tta_section][\/vc_tta_tabs][\/vc_column][\/vc_row][vc_row][vc_column][\/vc_column][\/vc_row]\n","protected":false},"excerpt":{"rendered":"<p>Since 2003, many companies have entrusted N\u00e9m\u00e9sis studio with the development of innovative digital projects.<\/p>\n","protected":false},"author":1,"featured_media":0,"parent":0,"menu_order":0,"comment_status":"closed","ping_status":"closed","template":"","meta":[],"yoast_head":"<!-- This site is optimized with the Yoast SEO plugin v17.9 - https:\/\/yoast.com\/wordpress\/plugins\/seo\/ -->\n<title>Our clients &amp; partners - N\u00e9m\u00e9sis studio<\/title>\n<meta name=\"description\" content=\"Since 2003, many companies have entrusted N\u00e9m\u00e9sis studio with the development of innovative digital projects.\" \/>\n<meta name=\"robots\" content=\"index, follow, max-snippet:-1, max-image-preview:large, max-video-preview:-1\" \/>\n<link rel=\"canonical\" href=\"https:\/\/www.nemesis-studio.com\/en\/references\/\" \/>\n<meta property=\"og:locale\" content=\"en_US\" \/>\n<meta property=\"og:type\" content=\"article\" \/>\n<meta property=\"og:title\" content=\"Our clients &amp; partners - N\u00e9m\u00e9sis studio\" \/>\n<meta property=\"og:description\" content=\"Since 2003, many companies have entrusted N\u00e9m\u00e9sis studio with the development of innovative digital projects.\" \/>\n<meta property=\"og:url\" content=\"https:\/\/www.nemesis-studio.com\/en\/references\/\" \/>\n<meta property=\"og:site_name\" content=\"N\u00e9m\u00e9sis studio\" \/>\n<meta property=\"article:modified_time\" content=\"2022-10-31T14:59:51+00:00\" \/>\n<meta property=\"og:image\" content=\"https:\/\/www.nemesis-studio.com\/wp-content\/uploads\/2021\/12\/NS_logo-RS_REV01_2021-05-28.png\" \/>\n\t<meta property=\"og:image:width\" content=\"547\" \/>\n\t<meta property=\"og:image:height\" content=\"280\" \/>\n\t<meta property=\"og:image:type\" content=\"image\/png\" \/>\n<meta name=\"twitter:card\" content=\"summary_large_image\" \/>\n<meta name=\"twitter:label1\" content=\"Est. reading time\" \/>\n\t<meta name=\"twitter:data1\" content=\"1 minute\" \/>\n<script type=\"application\/ld+json\" class=\"yoast-schema-graph\">{\"@context\":\"https:\/\/schema.org\",\"@graph\":[{\"@type\":\"Organization\",\"@id\":\"https:\/\/www.nemesis-studio.com\/en\/#organization\",\"name\":\"N\\u00e9m\\u00e9sis studio\",\"url\":\"https:\/\/www.nemesis-studio.com\/en\/\",\"sameAs\":[\"https:\/\/www.linkedin.com\/company\/nemesisstudio\/\",\"https:\/\/www.youtube.com\/channel\/UCP_LRMmE3H8ts1C0Z1UlQ0A\"],\"logo\":{\"@type\":\"ImageObject\",\"@id\":\"https:\/\/www.nemesis-studio.com\/en\/#logo\",\"inLanguage\":\"en-US\",\"url\":\"https:\/\/www.nemesis-studio.com\/wp-content\/uploads\/2021\/12\/NS_logo-RS_REV01_2021-05-28.png\",\"contentUrl\":\"https:\/\/www.nemesis-studio.com\/wp-content\/uploads\/2021\/12\/NS_logo-RS_REV01_2021-05-28.png\",\"width\":547,\"height\":280,\"caption\":\"N\\u00e9m\\u00e9sis studio\"},\"image\":{\"@id\":\"https:\/\/www.nemesis-studio.com\/en\/#logo\"}},{\"@type\":\"WebSite\",\"@id\":\"https:\/\/www.nemesis-studio.com\/en\/#website\",\"url\":\"https:\/\/www.nemesis-studio.com\/en\/\",\"name\":\"N\\u00e9m\\u00e9sis studio\",\"description\":\"Expertise digitale innovante\",\"publisher\":{\"@id\":\"https:\/\/www.nemesis-studio.com\/en\/#organization\"},\"potentialAction\":[{\"@type\":\"SearchAction\",\"target\":{\"@type\":\"EntryPoint\",\"urlTemplate\":\"https:\/\/www.nemesis-studio.com\/en\/?s={search_term_string}\"},\"query-input\":\"required name=search_term_string\"}],\"inLanguage\":\"en-US\"},{\"@type\":\"WebPage\",\"@id\":\"https:\/\/www.nemesis-studio.com\/en\/references\/#webpage\",\"url\":\"https:\/\/www.nemesis-studio.com\/en\/references\/\",\"name\":\"Our clients &amp; partners - N\\u00e9m\\u00e9sis studio\",\"isPartOf\":{\"@id\":\"https:\/\/www.nemesis-studio.com\/en\/#website\"},\"datePublished\":\"2021-07-27T08:26:27+00:00\",\"dateModified\":\"2022-10-31T14:59:51+00:00\",\"description\":\"Since 2003, many companies have entrusted N\\u00e9m\\u00e9sis studio with the development of innovative digital projects.\",\"breadcrumb\":{\"@id\":\"https:\/\/www.nemesis-studio.com\/en\/references\/#breadcrumb\"},\"inLanguage\":\"en-US\",\"potentialAction\":[{\"@type\":\"ReadAction\",\"target\":[\"https:\/\/www.nemesis-studio.com\/en\/references\/\"]}]},{\"@type\":\"BreadcrumbList\",\"@id\":\"https:\/\/www.nemesis-studio.com\/en\/references\/#breadcrumb\",\"itemListElement\":[{\"@type\":\"ListItem\",\"position\":1,\"name\":\"Home\",\"item\":\"https:\/\/www.nemesis-studio.com\/en\/\"},{\"@type\":\"ListItem\",\"position\":2,\"name\":\"Our clients &amp; partners\"}]}]}<\/script>\n<!-- \/ Yoast SEO plugin. -->","yoast_head_json":{"title":"Our clients &amp; partners - N\u00e9m\u00e9sis studio","description":"Since 2003, many companies have entrusted N\u00e9m\u00e9sis studio with the development of innovative digital projects.","robots":{"index":"index","follow":"follow","max-snippet":"max-snippet:-1","max-image-preview":"max-image-preview:large","max-video-preview":"max-video-preview:-1"},"canonical":"https:\/\/www.nemesis-studio.com\/en\/references\/","og_locale":"en_US","og_type":"article","og_title":"Our clients &amp; partners - N\u00e9m\u00e9sis studio","og_description":"Since 2003, many companies have entrusted N\u00e9m\u00e9sis studio with the development of innovative digital projects.","og_url":"https:\/\/www.nemesis-studio.com\/en\/references\/","og_site_name":"N\u00e9m\u00e9sis studio","article_modified_time":"2022-10-31T14:59:51+00:00","og_image":[{"width":547,"height":280,"url":"https:\/\/www.nemesis-studio.com\/wp-content\/uploads\/2021\/12\/NS_logo-RS_REV01_2021-05-28.png","type":"image\/png"}],"twitter_card":"summary_large_image","twitter_misc":{"Est. reading time":"1 minute"},"schema":{"@context":"https:\/\/schema.org","@graph":[{"@type":"Organization","@id":"https:\/\/www.nemesis-studio.com\/en\/#organization","name":"N\u00e9m\u00e9sis studio","url":"https:\/\/www.nemesis-studio.com\/en\/","sameAs":["https:\/\/www.linkedin.com\/company\/nemesisstudio\/","https:\/\/www.youtube.com\/channel\/UCP_LRMmE3H8ts1C0Z1UlQ0A"],"logo":{"@type":"ImageObject","@id":"https:\/\/www.nemesis-studio.com\/en\/#logo","inLanguage":"en-US","url":"https:\/\/www.nemesis-studio.com\/wp-content\/uploads\/2021\/12\/NS_logo-RS_REV01_2021-05-28.png","contentUrl":"https:\/\/www.nemesis-studio.com\/wp-content\/uploads\/2021\/12\/NS_logo-RS_REV01_2021-05-28.png","width":547,"height":280,"caption":"N\u00e9m\u00e9sis studio"},"image":{"@id":"https:\/\/www.nemesis-studio.com\/en\/#logo"}},{"@type":"WebSite","@id":"https:\/\/www.nemesis-studio.com\/en\/#website","url":"https:\/\/www.nemesis-studio.com\/en\/","name":"N\u00e9m\u00e9sis studio","description":"Expertise digitale innovante","publisher":{"@id":"https:\/\/www.nemesis-studio.com\/en\/#organization"},"potentialAction":[{"@type":"SearchAction","target":{"@type":"EntryPoint","urlTemplate":"https:\/\/www.nemesis-studio.com\/en\/?s={search_term_string}"},"query-input":"required name=search_term_string"}],"inLanguage":"en-US"},{"@type":"WebPage","@id":"https:\/\/www.nemesis-studio.com\/en\/references\/#webpage","url":"https:\/\/www.nemesis-studio.com\/en\/references\/","name":"Our clients &amp; partners - N\u00e9m\u00e9sis studio","isPartOf":{"@id":"https:\/\/www.nemesis-studio.com\/en\/#website"},"datePublished":"2021-07-27T08:26:27+00:00","dateModified":"2022-10-31T14:59:51+00:00","description":"Since 2003, many companies have entrusted N\u00e9m\u00e9sis studio with the development of innovative digital projects.","breadcrumb":{"@id":"https:\/\/www.nemesis-studio.com\/en\/references\/#breadcrumb"},"inLanguage":"en-US","potentialAction":[{"@type":"ReadAction","target":["https:\/\/www.nemesis-studio.com\/en\/references\/"]}]},{"@type":"BreadcrumbList","@id":"https:\/\/www.nemesis-studio.com\/en\/references\/#breadcrumb","itemListElement":[{"@type":"ListItem","position":1,"name":"Home","item":"https:\/\/www.nemesis-studio.com\/en\/"},{"@type":"ListItem","position":2,"name":"Our clients &amp; partners"}]}]}},"_links":{"self":[{"href":"https:\/\/www.nemesis-studio.com\/en\/wp-json\/wp\/v2\/pages\/21801"}],"collection":[{"href":"https:\/\/www.nemesis-studio.com\/en\/wp-json\/wp\/v2\/pages"}],"about":[{"href":"https:\/\/www.nemesis-studio.com\/en\/wp-json\/wp\/v2\/types\/page"}],"author":[{"embeddable":true,"href":"https:\/\/www.nemesis-studio.com\/en\/wp-json\/wp\/v2\/users\/1"}],"replies":[{"embeddable":true,"href":"https:\/\/www.nemesis-studio.com\/en\/wp-json\/wp\/v2\/comments?post=21801"}],"version-history":[{"count":7,"href":"https:\/\/www.nemesis-studio.com\/en\/wp-json\/wp\/v2\/pages\/21801\/revisions"}],"predecessor-version":[{"id":21912,"href":"https:\/\/www.nemesis-studio.com\/en\/wp-json\/wp\/v2\/pages\/21801\/revisions\/21912"}],"wp:attachment":[{"href":"https:\/\/www.nemesis-studio.com\/en\/wp-json\/wp\/v2\/media?parent=21801"}],"curies":[{"name":"wp","href":"https:\/\/api.w.org\/{rel}","templated":true}]}}