{"id":21706,"date":"2021-07-29T09:24:53","date_gmt":"2021-07-29T07:24:53","guid":{"rendered":"https:\/\/www.nemesis-studio.com\/conditions-utilisation\/"},"modified":"2021-07-29T09:24:53","modified_gmt":"2021-07-29T07:24:53","slug":"conditions-utilisation","status":"publish","type":"page","link":"https:\/\/www.nemesis-studio.com\/en\/conditions-utilisation\/","title":{"rendered":"Conditions d&#8217;utilisation"},"content":{"rendered":"[vc_row][vc_column][vc_column_text]\n<h2>CONDITIONS D\u2019UTILISATION :<\/h2>\n<p>&nbsp;<\/p>\n<h3>PROPRI\u00c9T\u00c9 INTELLECTUELLE<\/h3>\n<p>&nbsp;<\/p>\n<p>L\u2019ensemble des \u00e9l\u00e9ments des sites Internet site www.nemesis-studio.com (notamment les marques, logos, dessins, graphismes, chartes graphiques, ic\u00f4nes, structures, contenus textuels du site) sont la propri\u00e9t\u00e9 exclusive de N\u00e9m\u00e9sis studio. N\u00e9m\u00e9sis studio conf\u00e8re \u00e0 l\u2019utilisateur un droit d\u2019usage personnel portant sur l\u2019ensemble des \u00e9l\u00e9ments du site qui n\u2019entra\u00eene aucune cession des droits de propri\u00e9t\u00e9 intellectuelle. Par cons\u00e9quent, toute utilisation, copie, reproduction, distribution par quelque proc\u00e9d\u00e9 que ce soit, de ces signes et de tout \u00e9l\u00e9ment du site Internet, pour toute autre finalit\u00e9, notamment \u00e0 des fins commerciales, est strictement interdite sans l\u2019accord \u00e9crit et pr\u00e9alable de N\u00e9m\u00e9sis studio.<\/p>\n<p>La cr\u00e9ation d\u2019un lien hypertexte vers l\u2019ensemble du contenu de www.nemesis-studio.com ou toute autre technique consistant \u00e0 afficher une partie du pr\u00e9sent site sur un site tiers ne peut se faire qu\u2019avec l\u2019autorisation \u00e9crite de N\u00e9m\u00e9sis studio, et ce sans alt\u00e9rer les informations d\u2019origine pr\u00e9sentes sur site ou leur provenance.<\/p>\n<p>\u200b<\/p>\n<h3><\/h3>\n<h3>RESPONSABILIT\u00c9<\/h3>\n<p>&nbsp;<\/p>\n<p>Les informations qui apparaissent sur le site www.nemesis-studio.com, et notamment sur les articles de blog, sont donn\u00e9es \u00e0 titre indicatif. Ils ne constituent aucunement un engagement ou une offre pour un produit ou service sp\u00e9cifique d\u00e9livr\u00e9 par N\u00e9m\u00e9sis studio. Si vous souhaitez conna\u00eetre le d\u00e9tail des prestations d\u00e9livr\u00e9es par la soci\u00e9t\u00e9, vous pouvez nous contacter directement via les coordonn\u00e9es indiqu\u00e9es sur le site.<\/p>\n<p>Les hyperliens pr\u00e9sents sur le site de N\u00e9m\u00e9sis studio vous redirigent vers d\u2019autres sites sur lesquels la soci\u00e9t\u00e9 n\u2019exerce aucun contr\u00f4le, que ce soit en termes de s\u00e9curit\u00e9 ou de l\u00e9galit\u00e9. A ce titre, N\u00e9m\u00e9sis studio ne peut \u00eatre tenu responsable des changements effectu\u00e9s par les tiers sur ces sites Internet ni des dommages qu\u2019ils pourraient \u00e9ventuellement causer.<\/p>\n<p>&nbsp;<\/p>\n<h3>LOI APPLICABLE<\/h3>\n<p>&nbsp;<\/p>\n<p>Les pr\u00e9sentes Conditions d\u2019utilisation sont soumises aux lois fran\u00e7aises et rel\u00e8vent de la comp\u00e9tence exclusive des tribunaux fran\u00e7ais.<\/p>\n<p>Dans l\u2019hypoth\u00e8se o\u00f9 l\u2019une des dispositions suivantes venait \u00e0 \u00eatre d\u00e9clar\u00e9e nulle et sans effet de par la loi, les autres dispositions demeureraient applicables.<\/p>\n<p>&nbsp;<\/p>\n<p>&nbsp;<\/p>\n<p>&nbsp;<\/p>\n[\/vc_column_text][\/vc_column][\/vc_row]\n","protected":false},"excerpt":{"rendered":"<p>L\u2019ensemble des \u00e9l\u00e9ments des sites Internet site www.nemesis-studio.com (notamment les marques, logos, dessins, graphismes, chartes graphiques, ic\u00f4nes, structures, contenus textuels du site) sont la propri\u00e9t\u00e9 exclusive de N\u00e9m\u00e9sis studio.<\/p>\n","protected":false},"author":1,"featured_media":0,"parent":0,"menu_order":0,"comment_status":"closed","ping_status":"closed","template":"","meta":[],"yoast_head":"<!-- This site is optimized with the Yoast SEO plugin v17.9 - https:\/\/yoast.com\/wordpress\/plugins\/seo\/ -->\n<title>Conditions d&#039;utilisation - N\u00e9m\u00e9sis studio<\/title>\n<meta name=\"robots\" content=\"index, follow, max-snippet:-1, max-image-preview:large, max-video-preview:-1\" \/>\n<link rel=\"canonical\" href=\"https:\/\/www.nemesis-studio.com\/en\/conditions-utilisation\/\" \/>\n<meta property=\"og:locale\" content=\"en_US\" \/>\n<meta property=\"og:type\" content=\"article\" \/>\n<meta property=\"og:title\" content=\"Conditions d&#039;utilisation - N\u00e9m\u00e9sis studio\" \/>\n<meta property=\"og:description\" content=\"L\u2019ensemble des \u00e9l\u00e9ments des sites Internet site www.nemesis-studio.com (notamment les marques, logos, dessins, graphismes, chartes graphiques, ic\u00f4nes, structures, contenus textuels du site) sont la propri\u00e9t\u00e9 exclusive de N\u00e9m\u00e9sis studio.\" \/>\n<meta property=\"og:url\" content=\"https:\/\/www.nemesis-studio.com\/en\/conditions-utilisation\/\" \/>\n<meta property=\"og:site_name\" content=\"N\u00e9m\u00e9sis studio\" \/>\n<meta property=\"og:image\" content=\"https:\/\/www.nemesis-studio.com\/wp-content\/uploads\/2021\/12\/NS_logo-RS_REV01_2021-05-28.png\" \/>\n\t<meta property=\"og:image:width\" content=\"547\" \/>\n\t<meta property=\"og:image:height\" content=\"280\" \/>\n\t<meta property=\"og:image:type\" content=\"image\/png\" \/>\n<meta name=\"twitter:card\" content=\"summary_large_image\" \/>\n<meta name=\"twitter:label1\" content=\"Est. reading time\" \/>\n\t<meta name=\"twitter:data1\" content=\"2 minutes\" \/>\n<script type=\"application\/ld+json\" class=\"yoast-schema-graph\">{\"@context\":\"https:\/\/schema.org\",\"@graph\":[{\"@type\":\"Organization\",\"@id\":\"https:\/\/www.nemesis-studio.com\/en\/#organization\",\"name\":\"N\\u00e9m\\u00e9sis studio\",\"url\":\"https:\/\/www.nemesis-studio.com\/en\/\",\"sameAs\":[\"https:\/\/www.linkedin.com\/company\/nemesisstudio\/\",\"https:\/\/www.youtube.com\/channel\/UCP_LRMmE3H8ts1C0Z1UlQ0A\"],\"logo\":{\"@type\":\"ImageObject\",\"@id\":\"https:\/\/www.nemesis-studio.com\/en\/#logo\",\"inLanguage\":\"en-US\",\"url\":\"https:\/\/www.nemesis-studio.com\/wp-content\/uploads\/2021\/12\/NS_logo-RS_REV01_2021-05-28.png\",\"contentUrl\":\"https:\/\/www.nemesis-studio.com\/wp-content\/uploads\/2021\/12\/NS_logo-RS_REV01_2021-05-28.png\",\"width\":547,\"height\":280,\"caption\":\"N\\u00e9m\\u00e9sis studio\"},\"image\":{\"@id\":\"https:\/\/www.nemesis-studio.com\/en\/#logo\"}},{\"@type\":\"WebSite\",\"@id\":\"https:\/\/www.nemesis-studio.com\/en\/#website\",\"url\":\"https:\/\/www.nemesis-studio.com\/en\/\",\"name\":\"N\\u00e9m\\u00e9sis studio\",\"description\":\"Expertise digitale innovante\",\"publisher\":{\"@id\":\"https:\/\/www.nemesis-studio.com\/en\/#organization\"},\"potentialAction\":[{\"@type\":\"SearchAction\",\"target\":{\"@type\":\"EntryPoint\",\"urlTemplate\":\"https:\/\/www.nemesis-studio.com\/en\/?s={search_term_string}\"},\"query-input\":\"required name=search_term_string\"}],\"inLanguage\":\"en-US\"},{\"@type\":\"WebPage\",\"@id\":\"https:\/\/www.nemesis-studio.com\/en\/conditions-utilisation\/#webpage\",\"url\":\"https:\/\/www.nemesis-studio.com\/en\/conditions-utilisation\/\",\"name\":\"Conditions d'utilisation - N\\u00e9m\\u00e9sis studio\",\"isPartOf\":{\"@id\":\"https:\/\/www.nemesis-studio.com\/en\/#website\"},\"datePublished\":\"2021-07-29T07:24:53+00:00\",\"dateModified\":\"2021-07-29T07:24:53+00:00\",\"breadcrumb\":{\"@id\":\"https:\/\/www.nemesis-studio.com\/en\/conditions-utilisation\/#breadcrumb\"},\"inLanguage\":\"en-US\",\"potentialAction\":[{\"@type\":\"ReadAction\",\"target\":[\"https:\/\/www.nemesis-studio.com\/en\/conditions-utilisation\/\"]}]},{\"@type\":\"BreadcrumbList\",\"@id\":\"https:\/\/www.nemesis-studio.com\/en\/conditions-utilisation\/#breadcrumb\",\"itemListElement\":[{\"@type\":\"ListItem\",\"position\":1,\"name\":\"Home\",\"item\":\"https:\/\/www.nemesis-studio.com\/en\/\"},{\"@type\":\"ListItem\",\"position\":2,\"name\":\"Conditions d&#8217;utilisation\"}]}]}<\/script>\n<!-- \/ Yoast SEO plugin. -->","yoast_head_json":{"title":"Conditions d'utilisation - N\u00e9m\u00e9sis studio","robots":{"index":"index","follow":"follow","max-snippet":"max-snippet:-1","max-image-preview":"max-image-preview:large","max-video-preview":"max-video-preview:-1"},"canonical":"https:\/\/www.nemesis-studio.com\/en\/conditions-utilisation\/","og_locale":"en_US","og_type":"article","og_title":"Conditions d'utilisation - N\u00e9m\u00e9sis studio","og_description":"L\u2019ensemble des \u00e9l\u00e9ments des sites Internet site www.nemesis-studio.com (notamment les marques, logos, dessins, graphismes, chartes graphiques, ic\u00f4nes, structures, contenus textuels du site) sont la propri\u00e9t\u00e9 exclusive de N\u00e9m\u00e9sis studio.","og_url":"https:\/\/www.nemesis-studio.com\/en\/conditions-utilisation\/","og_site_name":"N\u00e9m\u00e9sis studio","og_image":[{"width":547,"height":280,"url":"https:\/\/www.nemesis-studio.com\/wp-content\/uploads\/2021\/12\/NS_logo-RS_REV01_2021-05-28.png","type":"image\/png"}],"twitter_card":"summary_large_image","twitter_misc":{"Est. reading time":"2 minutes"},"schema":{"@context":"https:\/\/schema.org","@graph":[{"@type":"Organization","@id":"https:\/\/www.nemesis-studio.com\/en\/#organization","name":"N\u00e9m\u00e9sis studio","url":"https:\/\/www.nemesis-studio.com\/en\/","sameAs":["https:\/\/www.linkedin.com\/company\/nemesisstudio\/","https:\/\/www.youtube.com\/channel\/UCP_LRMmE3H8ts1C0Z1UlQ0A"],"logo":{"@type":"ImageObject","@id":"https:\/\/www.nemesis-studio.com\/en\/#logo","inLanguage":"en-US","url":"https:\/\/www.nemesis-studio.com\/wp-content\/uploads\/2021\/12\/NS_logo-RS_REV01_2021-05-28.png","contentUrl":"https:\/\/www.nemesis-studio.com\/wp-content\/uploads\/2021\/12\/NS_logo-RS_REV01_2021-05-28.png","width":547,"height":280,"caption":"N\u00e9m\u00e9sis studio"},"image":{"@id":"https:\/\/www.nemesis-studio.com\/en\/#logo"}},{"@type":"WebSite","@id":"https:\/\/www.nemesis-studio.com\/en\/#website","url":"https:\/\/www.nemesis-studio.com\/en\/","name":"N\u00e9m\u00e9sis studio","description":"Expertise digitale innovante","publisher":{"@id":"https:\/\/www.nemesis-studio.com\/en\/#organization"},"potentialAction":[{"@type":"SearchAction","target":{"@type":"EntryPoint","urlTemplate":"https:\/\/www.nemesis-studio.com\/en\/?s={search_term_string}"},"query-input":"required name=search_term_string"}],"inLanguage":"en-US"},{"@type":"WebPage","@id":"https:\/\/www.nemesis-studio.com\/en\/conditions-utilisation\/#webpage","url":"https:\/\/www.nemesis-studio.com\/en\/conditions-utilisation\/","name":"Conditions d'utilisation - N\u00e9m\u00e9sis studio","isPartOf":{"@id":"https:\/\/www.nemesis-studio.com\/en\/#website"},"datePublished":"2021-07-29T07:24:53+00:00","dateModified":"2021-07-29T07:24:53+00:00","breadcrumb":{"@id":"https:\/\/www.nemesis-studio.com\/en\/conditions-utilisation\/#breadcrumb"},"inLanguage":"en-US","potentialAction":[{"@type":"ReadAction","target":["https:\/\/www.nemesis-studio.com\/en\/conditions-utilisation\/"]}]},{"@type":"BreadcrumbList","@id":"https:\/\/www.nemesis-studio.com\/en\/conditions-utilisation\/#breadcrumb","itemListElement":[{"@type":"ListItem","position":1,"name":"Home","item":"https:\/\/www.nemesis-studio.com\/en\/"},{"@type":"ListItem","position":2,"name":"Conditions d&#8217;utilisation"}]}]}},"_links":{"self":[{"href":"https:\/\/www.nemesis-studio.com\/en\/wp-json\/wp\/v2\/pages\/21706"}],"collection":[{"href":"https:\/\/www.nemesis-studio.com\/en\/wp-json\/wp\/v2\/pages"}],"about":[{"href":"https:\/\/www.nemesis-studio.com\/en\/wp-json\/wp\/v2\/types\/page"}],"author":[{"embeddable":true,"href":"https:\/\/www.nemesis-studio.com\/en\/wp-json\/wp\/v2\/users\/1"}],"replies":[{"embeddable":true,"href":"https:\/\/www.nemesis-studio.com\/en\/wp-json\/wp\/v2\/comments?post=21706"}],"version-history":[{"count":0,"href":"https:\/\/www.nemesis-studio.com\/en\/wp-json\/wp\/v2\/pages\/21706\/revisions"}],"wp:attachment":[{"href":"https:\/\/www.nemesis-studio.com\/en\/wp-json\/wp\/v2\/media?parent=21706"}],"curies":[{"name":"wp","href":"https:\/\/api.w.org\/{rel}","templated":true}]}}