{"id":21703,"date":"2021-07-23T16:07:35","date_gmt":"2021-07-23T14:07:35","guid":{"rendered":"https:\/\/www.nemesis-studio.com\/automotive-industry\/"},"modified":"2022-10-31T15:53:28","modified_gmt":"2022-10-31T14:53:28","slug":"automotive-industry","status":"publish","type":"page","link":"https:\/\/www.nemesis-studio.com\/en\/automotive-industry\/","title":{"rendered":"Automotive industry"},"content":{"rendered":"[vc_row css=&#8221;.vc_custom_1638175026187{padding-top: 20px !important;padding-bottom: 80px !important;}&#8221;][vc_column width=&#8221;1\/6&#8243;][\/vc_column][vc_column width=&#8221;2\/3&#8243;][wgl_double_headings align=&#8221;center&#8221; title_tag=&#8221;h2&#8243; title_color=&#8221;#252525&#8243; subtitle_color=&#8221;#ff7d00&#8243; title=&#8221;Got a digital project in the automotive field and looking for a company to develop it?&#8221;][wgl_spacing spacer_size=&#8221;30px&#8221;][wgl_custom_text font_size=&#8221;16&#8243;]\n<p style=\"text-align: center;\">Since 2003, we have been developing custom solutions to suit your various digitisation projects. Over these years, we have had the opportunity to support many companies in the automotive sector (consulting and digital services). We have thus naturally acquired very good knowledge of this sector both nationally and internationally.<\/p>\n[\/wgl_custom_text][\/vc_column][vc_column width=&#8221;1\/6&#8243;][\/vc_column][\/vc_row][vc_row full_width=&#8221;stretch_row&#8221; css=&#8221;.vc_custom_1638183459415{padding-top: 10px !important;padding-bottom: 10px !important;}&#8221;][vc_column][vc_separator][\/vc_column][\/vc_row][vc_row full_width=&#8221;stretch_row&#8221; add_extended=&#8221;true&#8221; values=&#8221;%5B%7B%22extended_animation%22%3A%22parallax%22%2C%22figure_color%22%3A%22%23ffffff%22%2C%22drop_colors%22%3A%22one_color%22%2C%22part_color%22%3A%22%23ff7e00%22%2C%22part_color_1%22%3A%22%23ff7e00%22%2C%22part_color_2%22%3A%22%233224e9%22%2C%22part_color_3%22%3A%22%2369e9f2%22%2C%22extended_animation_pos_vertical%22%3A%2250%22%2C%22extended_animation_pos_horizont%22%3A%2250%22%2C%22sphere_width%22%3A%22100%22%2C%22particles_number%22%3A%2250%22%2C%22particles_size%22%3A%2210%22%2C%22particles_speed%22%3A%222%22%2C%22hover_anim%22%3A%22grab%22%2C%22image_bg%22%3A%221971%22%2C%22parallax_dir%22%3A%22vertical%22%2C%22parallax_factor%22%3A%220.3%22%2C%22particles_position_top%22%3A%220%25%22%2C%22particles_position_left%22%3A%22-20%25%22%2C%22particles_width%22%3A%22100%22%2C%22particles_height%22%3A%22100%22%7D%5D&#8221;][vc_column][wgl_spacing spacer_size=&#8221;80&#8243;][vc_row_inner equal_height=&#8221;yes&#8221; content_placement=&#8221;middle&#8221;][vc_column_inner width=&#8221;1\/2&#8243; offset=&#8221;vc_col-lg-5&#8243;][wgl_double_headings title_tag=&#8221;h2&#8243; title_color=&#8221;#252525&#8243; subtitle_color=&#8221;#ff7d00&#8243; title=&#8221;Our expertise in the automotive industry&#8221; responsive_font=&#8221;true&#8221; font_size_mobile=&#8221;33&#8243;][wgl_spacing spacer_size=&#8221;20px&#8221;][wgl_custom_text font_size=&#8221;18&#8243;]<strong>Custom projects for companies in the automotive industry.<\/strong><\/p>\n<p>Companies in the automotive sector often have very specific needs that require custom solutions. To meet their needs, we provide support in the form of consulting and\/or digital services. Some examples are below.<\/p>\n<p>We support companies in complete transparency: white label, subcontracting or directly.[\/wgl_custom_text][wgl_spacing spacer_size=&#8221;30&#8243;][wgl_button button_text=&#8221;DISCOVER OUR METHOD&#8221; customize=&#8221;gradient&#8221; text_color=&#8221;#ffffff&#8221; text_color_hover=&#8221;#ffffff&#8221; bg_gradient_start=&#8221;#ffaa59&#8243; bg_gradient_end=&#8221;#ff4826&#8243; bg_gradient_start_hover=&#8221;#ff4826&#8243; bg_gradient_end_hover=&#8221;#ffaa59&#8243; border_gradient_start=&#8221;#ffaa59&#8243; border_gradient_end=&#8221;#ff4826&#8243; border_gradient_start_hover=&#8221;#ff4826&#8243; border_gradient_end_hover=&#8221;#ffaa59&#8243; link=&#8221;url:%2Fen%2Fmethod%2F|title:M%C3%A9thode&#8221;][wgl_spacing spacer_size=&#8221;80&#8243;][\/vc_column_inner][vc_column_inner width=&#8221;1\/2&#8243; offset=&#8221;vc_col-lg-offset-1 vc_col-md-offset-0&#8243;][vc_single_image image=&#8221;20637&#8243; img_size=&#8221;full&#8221;][\/vc_column_inner][\/vc_row_inner][vc_row_inner][vc_column_inner width=&#8221;1\/6&#8243;][\/vc_column_inner][vc_column_inner width=&#8221;2\/3&#8243;][wgl_spacing spacer_size=&#8221;20&#8243;][wgl_double_headings align=&#8221;center&#8221; title_tag=&#8221;h2&#8243; title_color=&#8221;#252525&#8243; subtitle_color=&#8221;#ff7d00&#8243; title=&#8221;Some digital service references&#8221; responsive_font=&#8221;true&#8221; font_size_mobile=&#8221;34&#8243;][wgl_spacing spacer_size=&#8221;40&#8243;][\/vc_column_inner][vc_column_inner width=&#8221;1\/6&#8243;][\/vc_column_inner][\/vc_row_inner]<section class=\"wgl_cpt_section\"><div class=\"wgl_portfolio_list\" id=\"portfolio_module_69f878528a84a\"><div class=\"wgl_portfolio_list-container container-grid row grid portfolio_columns-3\"  style=\"margin-right:-15px; margin-left:-15px; margin-bottom:-30px;\"><article class=\"wgl_portfolio_list-item item wgl_col-4 development mvp-en prototyping\"  style=\"padding-right:15px; padding-left:15px; padding-bottom:30px\"><div class=\"wgl_portfolio_item-wrapper under_image h_align_left\"><div class=\"wgl_portfolio_item-image\"><img  src=\"https:\/\/www.nemesis-studio.com\/wp-content\/uploads\/2019\/06\/Realisations-saas-740x516.jpg\"  alt=\"\" \/><div class=\"overlay\"><\/div><a href='https:\/\/www.nemesis-studio.com\/en\/portfolio\/saas-software-mobile-app\/' class='single_link'><\/a><\/div><div class=\"wgl_portfolio_item-description\"><div class=\"wgl_portfolio_item-title\"><h5 class=\"title\"><a href=\"https:\/\/www.nemesis-studio.com\/en\/portfolio\/saas-software-mobile-app\/\">SaaS software \u2013 Mobile app<\/a><\/h5><\/div><div class=\"wgl_portfolio_item-meta\"><span class=\"post_cats\"><a href=https:\/\/www.nemesis-studio.com\/en\/portfolio-category\/development\/ class=\"portfolio-category\">DEVELOPMENT<\/a><span class=\"delimiter-comma\">|<\/span><a href=https:\/\/www.nemesis-studio.com\/en\/portfolio-category\/mvp-en\/ class=\"portfolio-category\">MVP<\/a><span class=\"delimiter-comma\">|<\/span><a href=https:\/\/www.nemesis-studio.com\/en\/portfolio-category\/prototyping\/ class=\"portfolio-category\">PROTOTYPING<\/a><\/span><\/div><div class=\"wgl_portfolio_item-content\"><div class=\"content\"><div class='wrapper'>Danielson Engineering a fait appel \u00e0 N\u00e9m\u00e9sis studio pour d\u00e9velopper un syst\u00e8me ?<\/div><\/div><\/div><\/div><\/div><\/article><article class=\"wgl_portfolio_list-item item wgl_col-4 consulting development\"  style=\"padding-right:15px; padding-left:15px; padding-bottom:30px\"><div class=\"wgl_portfolio_item-wrapper under_image h_align_left\"><div class=\"wgl_portfolio_item-image\"><img  src=\"https:\/\/www.nemesis-studio.com\/wp-content\/uploads\/2021\/12\/Lubadvisor-accueil-v2-740x516.png\"  alt=\"\" \/><div class=\"overlay\"><\/div><a href='https:\/\/www.nemesis-studio.com\/en\/portfolio\/service-de-preconisation-en-ligne\/' class='single_link'><\/a><\/div><div class=\"wgl_portfolio_item-description\"><div class=\"wgl_portfolio_item-title\"><h5 class=\"title\"><a href=\"https:\/\/www.nemesis-studio.com\/en\/portfolio\/service-de-preconisation-en-ligne\/\">Online recommendation service<\/a><\/h5><\/div><div class=\"wgl_portfolio_item-meta\"><span class=\"post_cats\"><a href=https:\/\/www.nemesis-studio.com\/en\/portfolio-category\/consulting\/ class=\"portfolio-category\">CONSULTING<\/a><span class=\"delimiter-comma\">|<\/span><a href=https:\/\/www.nemesis-studio.com\/en\/portfolio-category\/development\/ class=\"portfolio-category\">DEVELOPMENT<\/a><\/span><\/div><div class=\"wgl_portfolio_item-content\"><div class=\"content\"><div class='wrapper'>The Total Energies Lubricants branch called on N\u00e9m\u00e9sis studio to modernise and unif<\/div><\/div><\/div><\/div><\/div><\/article><article class=\"wgl_portfolio_list-item item wgl_col-4 consulting development mvp-en\"  style=\"padding-right:15px; padding-left:15px; padding-bottom:30px\"><div class=\"wgl_portfolio_item-wrapper under_image h_align_left\"><div class=\"wgl_portfolio_item-image\"><img  src=\"https:\/\/www.nemesis-studio.com\/wp-content\/uploads\/2019\/06\/Realisations-gipa-740x516.jpg\"  alt=\"\" \/><div class=\"overlay\"><\/div><a href='https:\/\/www.nemesis-studio.com\/en\/portfolio\/custom-extranet\/' class='single_link'><\/a><\/div><div class=\"wgl_portfolio_item-description\"><div class=\"wgl_portfolio_item-title\"><h5 class=\"title\"><a href=\"https:\/\/www.nemesis-studio.com\/en\/portfolio\/custom-extranet\/\">Custom extranet<\/a><\/h5><\/div><div class=\"wgl_portfolio_item-meta\"><span class=\"post_cats\"><a href=https:\/\/www.nemesis-studio.com\/en\/portfolio-category\/consulting\/ class=\"portfolio-category\">CONSULTING<\/a><span class=\"delimiter-comma\">|<\/span><a href=https:\/\/www.nemesis-studio.com\/en\/portfolio-category\/development\/ class=\"portfolio-category\">DEVELOPMENT<\/a><span class=\"delimiter-comma\">|<\/span><a href=https:\/\/www.nemesis-studio.com\/en\/portfolio-category\/mvp-en\/ class=\"portfolio-category\">MVP<\/a><\/span><\/div><div class=\"wgl_portfolio_item-content\"><div class=\"content\"><div class='wrapper'>GiPA fait confiance \u00e0 notre \u00e9quipe depuis de nombreuses ann\u00e9es pour la cr\u00e9ation e<\/div><\/div><\/div><\/div><\/div><\/article><\/div><\/div><\/section>[wgl_spacing spacer_size=&#8221;100px&#8221;][\/vc_column][\/vc_row][vc_row full_width=&#8221;stretch_row_content&#8221; css=&#8221;.vc_custom_1638176001407{background-color: #f4f6fc !important;}&#8221;][vc_column][wgl_clients item_grid=&#8221;6&#8243; autoplay_speed=&#8221;1500&#8243; values=&#8221;%5B%7B%22thumbnail%22%3A%222364%22%7D%2C%7B%22thumbnail%22%3A%222373%22%7D%2C%7B%22thumbnail%22%3A%222379%22%7D%2C%7B%22thumbnail%22%3A%222386%22%7D%2C%7B%22thumbnail%22%3A%222396%22%7D%2C%7B%22thumbnail%22%3A%222397%22%7D%2C%7B%22thumbnail%22%3A%222401%22%7D%5D&#8221; use_carousel=&#8221;true&#8221; autoplay=&#8221;true&#8221;][\/vc_column][\/vc_row][vc_row css=&#8221;.vc_custom_1638201224980{padding-top: 80px !important;}&#8221;][vc_column][vc_row_inner][vc_column_inner][wgl_double_headings title_tag=&#8221;h2&#8243; title_color=&#8221;#252525&#8243; subtitle_color=&#8221;#ff7d00&#8243; title=&#8221;Some consulting services&#8221; responsive_font=&#8221;true&#8221; font_size_mobile=&#8221;34&#8243;][wgl_spacing spacer_size=&#8221;30&#8243;][wgl_custom_text font_size=&#8221;18&#8243;]\n<ul>\n<li>Analysis of manufacturer, OEM and auto mechanic product databases<\/li>\n<li>2-wheel consultant<\/li>\n<li>Consultant on insurance (second-hand and manufacturer&#8217;s warranty)<\/li>\n<li>Securing (testing and advice)<\/li>\n<li>Consulting on technological choice<\/li>\n<li>Email routing<\/li>\n<li>Cloud computing<\/li>\n<li>Optimisation of digital solutions<\/li>\n<\/ul>\n[\/wgl_custom_text][\/vc_column_inner][\/vc_row_inner][\/vc_column][\/vc_row][vc_row equal_height=&#8221;yes&#8221;][vc_column][wgl_spacing spacer_size=&#8221;80px&#8221;][vc_separator][wgl_spacing spacer_size=&#8221;80px&#8221;][\/vc_column][\/vc_row][vc_row css=&#8221;.vc_custom_1638184047146{padding-top: 40px !important;padding-bottom: 80px !important;}&#8221;][vc_column width=&#8221;1\/2&#8243;][vc_row_inner][vc_column_inner width=&#8221;3\/4&#8243;][wgl_double_headings title_tag=&#8221;h2&#8243; title_color=&#8221;#252525&#8243; subtitle_color=&#8221;#ff7d00&#8243; title=&#8221;Trust us with your digital project&#8221;][wgl_spacing spacer_size=&#8221;20px&#8221;][\/vc_column_inner][\/vc_row_inner][wgl_custom_text font_size=&#8221;16&#8243;]Our team is available to help define your expectations and propose reliable and economical solutions. We can develop the custom features you need to address all your challenges and boost your business.[\/wgl_custom_text][wgl_spacing spacer_size=&#8221;30px&#8221;][wgl_button button_text=&#8221;LET&#8217;S TALK ABOUT YOUR PROJECT&#8221; customize=&#8221;gradient&#8221; text_color=&#8221;#ffffff&#8221; text_color_hover=&#8221;#ffffff&#8221; bg_gradient_start=&#8221;#ffaa59&#8243; bg_gradient_end=&#8221;#ff4826&#8243; bg_gradient_start_hover=&#8221;#ff4826&#8243; bg_gradient_end_hover=&#8221;#ffaa59&#8243; border_gradient_start=&#8221;#ffaa59&#8243; border_gradient_end=&#8221;#ff4826&#8243; border_gradient_start_hover=&#8221;#ff4826&#8243; border_gradient_end_hover=&#8221;#ffaa59&#8243; link=&#8221;url:%2Fen%2Fcontact%2F&#8221;][wgl_spacing spacer_size=&#8221;30px&#8221;][\/vc_column][vc_column width=&#8221;1\/2&#8243;][vc_single_image image=&#8221;19691&#8243; img_size=&#8221;full&#8221;][\/vc_column][\/vc_row]\n","protected":false},"excerpt":{"rendered":"<p>Got a digital project in the automotive field and looking for a company to develop it?<\/p>\n","protected":false},"author":1,"featured_media":0,"parent":0,"menu_order":0,"comment_status":"closed","ping_status":"closed","template":"","meta":[],"yoast_head":"<!-- This site is optimized with the Yoast SEO plugin v17.9 - https:\/\/yoast.com\/wordpress\/plugins\/seo\/ -->\n<title>Automotive industry - N\u00e9m\u00e9sis studio<\/title>\n<meta name=\"description\" content=\"Got a digital project in the automotive field and looking for a company to develop it?\" \/>\n<meta name=\"robots\" content=\"index, follow, max-snippet:-1, max-image-preview:large, max-video-preview:-1\" \/>\n<link rel=\"canonical\" href=\"https:\/\/www.nemesis-studio.com\/en\/automotive-industry\/\" \/>\n<meta property=\"og:locale\" content=\"en_US\" \/>\n<meta property=\"og:type\" content=\"article\" \/>\n<meta property=\"og:title\" content=\"Automotive industry - N\u00e9m\u00e9sis studio\" \/>\n<meta property=\"og:description\" content=\"Got a digital project in the automotive field and looking for a company to develop it?\" \/>\n<meta property=\"og:url\" content=\"https:\/\/www.nemesis-studio.com\/en\/automotive-industry\/\" \/>\n<meta property=\"og:site_name\" content=\"N\u00e9m\u00e9sis studio\" \/>\n<meta property=\"article:modified_time\" content=\"2022-10-31T14:53:28+00:00\" \/>\n<meta property=\"og:image\" content=\"https:\/\/www.nemesis-studio.com\/wp-content\/uploads\/2021\/12\/NS_logo-RS_REV01_2021-05-28.png\" \/>\n\t<meta property=\"og:image:width\" content=\"547\" \/>\n\t<meta property=\"og:image:height\" content=\"280\" \/>\n\t<meta property=\"og:image:type\" content=\"image\/png\" \/>\n<meta name=\"twitter:card\" content=\"summary_large_image\" \/>\n<meta name=\"twitter:label1\" content=\"Est. reading time\" \/>\n\t<meta name=\"twitter:data1\" content=\"2 minutes\" \/>\n<script type=\"application\/ld+json\" class=\"yoast-schema-graph\">{\"@context\":\"https:\/\/schema.org\",\"@graph\":[{\"@type\":\"Organization\",\"@id\":\"https:\/\/www.nemesis-studio.com\/en\/#organization\",\"name\":\"N\\u00e9m\\u00e9sis studio\",\"url\":\"https:\/\/www.nemesis-studio.com\/en\/\",\"sameAs\":[\"https:\/\/www.linkedin.com\/company\/nemesisstudio\/\",\"https:\/\/www.youtube.com\/channel\/UCP_LRMmE3H8ts1C0Z1UlQ0A\"],\"logo\":{\"@type\":\"ImageObject\",\"@id\":\"https:\/\/www.nemesis-studio.com\/en\/#logo\",\"inLanguage\":\"en-US\",\"url\":\"https:\/\/www.nemesis-studio.com\/wp-content\/uploads\/2021\/12\/NS_logo-RS_REV01_2021-05-28.png\",\"contentUrl\":\"https:\/\/www.nemesis-studio.com\/wp-content\/uploads\/2021\/12\/NS_logo-RS_REV01_2021-05-28.png\",\"width\":547,\"height\":280,\"caption\":\"N\\u00e9m\\u00e9sis studio\"},\"image\":{\"@id\":\"https:\/\/www.nemesis-studio.com\/en\/#logo\"}},{\"@type\":\"WebSite\",\"@id\":\"https:\/\/www.nemesis-studio.com\/en\/#website\",\"url\":\"https:\/\/www.nemesis-studio.com\/en\/\",\"name\":\"N\\u00e9m\\u00e9sis studio\",\"description\":\"Expertise digitale innovante\",\"publisher\":{\"@id\":\"https:\/\/www.nemesis-studio.com\/en\/#organization\"},\"potentialAction\":[{\"@type\":\"SearchAction\",\"target\":{\"@type\":\"EntryPoint\",\"urlTemplate\":\"https:\/\/www.nemesis-studio.com\/en\/?s={search_term_string}\"},\"query-input\":\"required name=search_term_string\"}],\"inLanguage\":\"en-US\"},{\"@type\":\"WebPage\",\"@id\":\"https:\/\/www.nemesis-studio.com\/en\/automotive-industry\/#webpage\",\"url\":\"https:\/\/www.nemesis-studio.com\/en\/automotive-industry\/\",\"name\":\"Automotive industry - N\\u00e9m\\u00e9sis studio\",\"isPartOf\":{\"@id\":\"https:\/\/www.nemesis-studio.com\/en\/#website\"},\"datePublished\":\"2021-07-23T14:07:35+00:00\",\"dateModified\":\"2022-10-31T14:53:28+00:00\",\"description\":\"Got a digital project in the automotive field and looking for a company to develop it?\",\"breadcrumb\":{\"@id\":\"https:\/\/www.nemesis-studio.com\/en\/automotive-industry\/#breadcrumb\"},\"inLanguage\":\"en-US\",\"potentialAction\":[{\"@type\":\"ReadAction\",\"target\":[\"https:\/\/www.nemesis-studio.com\/en\/automotive-industry\/\"]}]},{\"@type\":\"BreadcrumbList\",\"@id\":\"https:\/\/www.nemesis-studio.com\/en\/automotive-industry\/#breadcrumb\",\"itemListElement\":[{\"@type\":\"ListItem\",\"position\":1,\"name\":\"Home\",\"item\":\"https:\/\/www.nemesis-studio.com\/en\/\"},{\"@type\":\"ListItem\",\"position\":2,\"name\":\"Automotive industry\"}]}]}<\/script>\n<!-- \/ Yoast SEO plugin. -->","yoast_head_json":{"title":"Automotive industry - N\u00e9m\u00e9sis studio","description":"Got a digital project in the automotive field and looking for a company to develop it?","robots":{"index":"index","follow":"follow","max-snippet":"max-snippet:-1","max-image-preview":"max-image-preview:large","max-video-preview":"max-video-preview:-1"},"canonical":"https:\/\/www.nemesis-studio.com\/en\/automotive-industry\/","og_locale":"en_US","og_type":"article","og_title":"Automotive industry - N\u00e9m\u00e9sis studio","og_description":"Got a digital project in the automotive field and looking for a company to develop it?","og_url":"https:\/\/www.nemesis-studio.com\/en\/automotive-industry\/","og_site_name":"N\u00e9m\u00e9sis studio","article_modified_time":"2022-10-31T14:53:28+00:00","og_image":[{"width":547,"height":280,"url":"https:\/\/www.nemesis-studio.com\/wp-content\/uploads\/2021\/12\/NS_logo-RS_REV01_2021-05-28.png","type":"image\/png"}],"twitter_card":"summary_large_image","twitter_misc":{"Est. reading time":"2 minutes"},"schema":{"@context":"https:\/\/schema.org","@graph":[{"@type":"Organization","@id":"https:\/\/www.nemesis-studio.com\/en\/#organization","name":"N\u00e9m\u00e9sis studio","url":"https:\/\/www.nemesis-studio.com\/en\/","sameAs":["https:\/\/www.linkedin.com\/company\/nemesisstudio\/","https:\/\/www.youtube.com\/channel\/UCP_LRMmE3H8ts1C0Z1UlQ0A"],"logo":{"@type":"ImageObject","@id":"https:\/\/www.nemesis-studio.com\/en\/#logo","inLanguage":"en-US","url":"https:\/\/www.nemesis-studio.com\/wp-content\/uploads\/2021\/12\/NS_logo-RS_REV01_2021-05-28.png","contentUrl":"https:\/\/www.nemesis-studio.com\/wp-content\/uploads\/2021\/12\/NS_logo-RS_REV01_2021-05-28.png","width":547,"height":280,"caption":"N\u00e9m\u00e9sis studio"},"image":{"@id":"https:\/\/www.nemesis-studio.com\/en\/#logo"}},{"@type":"WebSite","@id":"https:\/\/www.nemesis-studio.com\/en\/#website","url":"https:\/\/www.nemesis-studio.com\/en\/","name":"N\u00e9m\u00e9sis studio","description":"Expertise digitale innovante","publisher":{"@id":"https:\/\/www.nemesis-studio.com\/en\/#organization"},"potentialAction":[{"@type":"SearchAction","target":{"@type":"EntryPoint","urlTemplate":"https:\/\/www.nemesis-studio.com\/en\/?s={search_term_string}"},"query-input":"required name=search_term_string"}],"inLanguage":"en-US"},{"@type":"WebPage","@id":"https:\/\/www.nemesis-studio.com\/en\/automotive-industry\/#webpage","url":"https:\/\/www.nemesis-studio.com\/en\/automotive-industry\/","name":"Automotive industry - N\u00e9m\u00e9sis studio","isPartOf":{"@id":"https:\/\/www.nemesis-studio.com\/en\/#website"},"datePublished":"2021-07-23T14:07:35+00:00","dateModified":"2022-10-31T14:53:28+00:00","description":"Got a digital project in the automotive field and looking for a company to develop it?","breadcrumb":{"@id":"https:\/\/www.nemesis-studio.com\/en\/automotive-industry\/#breadcrumb"},"inLanguage":"en-US","potentialAction":[{"@type":"ReadAction","target":["https:\/\/www.nemesis-studio.com\/en\/automotive-industry\/"]}]},{"@type":"BreadcrumbList","@id":"https:\/\/www.nemesis-studio.com\/en\/automotive-industry\/#breadcrumb","itemListElement":[{"@type":"ListItem","position":1,"name":"Home","item":"https:\/\/www.nemesis-studio.com\/en\/"},{"@type":"ListItem","position":2,"name":"Automotive industry"}]}]}},"_links":{"self":[{"href":"https:\/\/www.nemesis-studio.com\/en\/wp-json\/wp\/v2\/pages\/21703"}],"collection":[{"href":"https:\/\/www.nemesis-studio.com\/en\/wp-json\/wp\/v2\/pages"}],"about":[{"href":"https:\/\/www.nemesis-studio.com\/en\/wp-json\/wp\/v2\/types\/page"}],"author":[{"embeddable":true,"href":"https:\/\/www.nemesis-studio.com\/en\/wp-json\/wp\/v2\/users\/1"}],"replies":[{"embeddable":true,"href":"https:\/\/www.nemesis-studio.com\/en\/wp-json\/wp\/v2\/comments?post=21703"}],"version-history":[{"count":8,"href":"https:\/\/www.nemesis-studio.com\/en\/wp-json\/wp\/v2\/pages\/21703\/revisions"}],"predecessor-version":[{"id":21907,"href":"https:\/\/www.nemesis-studio.com\/en\/wp-json\/wp\/v2\/pages\/21703\/revisions\/21907"}],"wp:attachment":[{"href":"https:\/\/www.nemesis-studio.com\/en\/wp-json\/wp\/v2\/media?parent=21703"}],"curies":[{"name":"wp","href":"https:\/\/api.w.org\/{rel}","templated":true}]}}